{"id":76,"date":"2025-10-21T13:35:34","date_gmt":"2025-10-21T13:35:34","guid":{"rendered":"https:\/\/fuckthemchecker.ch\/?page_id=76"},"modified":"2026-02-10T12:29:26","modified_gmt":"2026-02-10T12:29:26","slug":"praeteritum","status":"publish","type":"page","link":"https:\/\/fuckthemchecker.ch\/?page_id=76","title":{"rendered":""},"content":{"rendered":"\n<div class=\"wp-block-columns is-layout-flex wp-container-core-columns-is-layout-28f84493 wp-block-columns-is-layout-flex\">\n<div class=\"wp-block-column is-layout-flow wp-block-column-is-layout-flow\"><\/div>\n\n\n\n<div class=\"wp-block-column is-layout-flow wp-block-column-is-layout-flow\"><\/div>\n<\/div>\n\n\n\n<div class=\"wp-block-group has-global-padding is-layout-constrained wp-block-group-is-layout-constrained\">\n<h4 class=\"wp-block-heading\">Die CIA &amp; Die Verschw\u00f6rungstheorie<\/h4>\n<\/div>\n\n\n\n<div class=\"wp-block-columns is-layout-flex wp-container-core-columns-is-layout-28f84493 wp-block-columns-is-layout-flex\">\n<div class=\"wp-block-column is-layout-flow wp-block-column-is-layout-flow\">\n<figure class=\"wp-block-image size-full\"><img fetchpriority=\"high\" decoding=\"async\" width=\"1024\" height=\"1024\" src=\"https:\/\/fuckthemchecker.ch\/wp-content\/uploads\/2025\/10\/Kennedy.jpg\" alt=\"\" class=\"wp-image-155\" srcset=\"https:\/\/fuckthemchecker.ch\/wp-content\/uploads\/2025\/10\/Kennedy.jpg 1024w, https:\/\/fuckthemchecker.ch\/wp-content\/uploads\/2025\/10\/Kennedy-300x300.jpg 300w, https:\/\/fuckthemchecker.ch\/wp-content\/uploads\/2025\/10\/Kennedy-150x150.jpg 150w, https:\/\/fuckthemchecker.ch\/wp-content\/uploads\/2025\/10\/Kennedy-768x768.jpg 768w\" sizes=\"(max-width: 1024px) 100vw, 1024px\" \/><\/figure>\n<\/div>\n\n\n\n<div class=\"wp-block-column is-layout-flow wp-block-column-is-layout-flow\">\n<p>Die Geschichte des Begriffs <strong>\u201eVerschw\u00f6rungstheorie\u201c<\/strong> im Zusammenhang mit dem <strong>Attentat auf John F. Kennedy<\/strong> und der Rolle der <strong>CIA<\/strong> ist komplex und wird zurecht in Debatten rund um Informationspolitik, \u00f6ffentliche Meinungsbildung und politische Manipulation thematisiert. Im Folgenden ein \u00dcberblick \u00fcber die subtilen Aspekte dieses Werkzeugs..<\/p>\n\n\n\n<pre class=\"wp-block-preformatted\"><\/pre>\n<\/div>\n<\/div>\n\n\n\n<figure class=\"wp-block-audio\"><audio controls src=\"https:\/\/fuckthemchecker.ch\/wp-content\/uploads\/2025\/10\/Verschwoerungstheorie__CIA-Waffe_im_Infokrieg__Die_verborgene_Geschichte_eines_Kampfbegriffs_.mp3\"><\/audio><\/figure>\n\n\n\n<hr class=\"wp-block-separator has-alpha-channel-opacity\"\/>\n\n\n\n<h4 class=\"wp-block-heading\">Das RAF-Phantom<\/h4>\n\n\n\n<div class=\"wp-block-columns is-layout-flex wp-container-core-columns-is-layout-28f84493 wp-block-columns-is-layout-flex\">\n<div class=\"wp-block-column is-layout-flow wp-block-column-is-layout-flow\">\n<figure class=\"wp-block-image size-full\"><img decoding=\"async\" width=\"1024\" height=\"1024\" src=\"https:\/\/fuckthemchecker.ch\/wp-content\/uploads\/2025\/10\/Gemini_Generated_Image_m3dk75m3dk75m3dk.png\" alt=\"\" class=\"wp-image-158\" srcset=\"https:\/\/fuckthemchecker.ch\/wp-content\/uploads\/2025\/10\/Gemini_Generated_Image_m3dk75m3dk75m3dk.png 1024w, https:\/\/fuckthemchecker.ch\/wp-content\/uploads\/2025\/10\/Gemini_Generated_Image_m3dk75m3dk75m3dk-300x300.png 300w, https:\/\/fuckthemchecker.ch\/wp-content\/uploads\/2025\/10\/Gemini_Generated_Image_m3dk75m3dk75m3dk-150x150.png 150w, https:\/\/fuckthemchecker.ch\/wp-content\/uploads\/2025\/10\/Gemini_Generated_Image_m3dk75m3dk75m3dk-768x768.png 768w\" sizes=\"(max-width: 1024px) 100vw, 1024px\" \/><\/figure>\n<\/div>\n\n\n\n<div class=\"wp-block-column is-layout-flow wp-block-column-is-layout-flow\">\n<p>Am 30. November 1989 wurde der <strong>Deutsche Bank <\/strong>Chef Alfred <strong>Herrhausen<\/strong> durch einen pr\u00e4zise ausgef\u00fchrten Bombenanschlag ermordet. Trotz eines Bekennerschreibens der <strong>Rote Armee Fraktion<\/strong> <strong>(RAF<\/strong>) gibt es bis heute zahlreiche Ungereimtheiten, Spekulationen und Widerspr\u00fcche&#8230;<\/p>\n<\/div>\n<\/div>\n\n\n\n<figure class=\"wp-block-audio\"><audio controls src=\"https:\/\/fuckthemchecker.ch\/wp-content\/uploads\/2025\/10\/Herrhausen_Attentat_1989__EFP__Stasi__V-Mann-Luegen_\u2013_Das_ungeloe-_2_.mp3\"><\/audio><\/figure>\n\n\n\n<hr class=\"wp-block-separator has-alpha-channel-opacity\"\/>\n\n\n\n<h4 class=\"wp-block-heading\">Die t\u00f6dliche Akrobatik der &#8222;Magic Bullet&#8220; &#8211; Wie eine Kugel die Logik herausforderte und eine Nation verst\u00f6rte<\/h4>\n\n\n\n<div class=\"wp-block-columns is-layout-flex wp-container-core-columns-is-layout-28f84493 wp-block-columns-is-layout-flex\">\n<div class=\"wp-block-column is-layout-flow wp-block-column-is-layout-flow\">\n<figure class=\"wp-block-image size-full\"><img decoding=\"async\" width=\"1024\" height=\"1024\" src=\"https:\/\/fuckthemchecker.ch\/wp-content\/uploads\/2025\/10\/Magic-Bullet.jpg\" alt=\"\" class=\"wp-image-234\" srcset=\"https:\/\/fuckthemchecker.ch\/wp-content\/uploads\/2025\/10\/Magic-Bullet.jpg 1024w, https:\/\/fuckthemchecker.ch\/wp-content\/uploads\/2025\/10\/Magic-Bullet-300x300.jpg 300w, https:\/\/fuckthemchecker.ch\/wp-content\/uploads\/2025\/10\/Magic-Bullet-150x150.jpg 150w, https:\/\/fuckthemchecker.ch\/wp-content\/uploads\/2025\/10\/Magic-Bullet-768x768.jpg 768w\" sizes=\"(max-width: 1024px) 100vw, 1024px\" \/><\/figure>\n<\/div>\n\n\n\n<div class=\"wp-block-column is-layout-flow wp-block-column-is-layout-flow\">\n<p>Eine einzelne Kugel, die sieben Wunden verursacht, zwei M\u00e4nner durchbohrt und dabei Zick-Zack-Flugbahnen fliegt \u2013 das ist die Legende der \u201emagischen Kugel\u201c, das Herzst\u00fcck der umstrittenen JFK-Mord-Untersuchung. Offiziell als \u201eWarren-Kommission-Evidenzst\u00fcck CE399\u201c bekannt, sollte dieser Metallklumpen die einfache Erkl\u00e4rung f\u00fcr das Attentat von 1963 liefern. <\/p>\n<\/div>\n<\/div>\n\n\n\n<figure class=\"wp-block-audio\"><audio controls src=\"https:\/\/fuckthemchecker.ch\/wp-content\/uploads\/2025\/10\/Die_JFK-Verschwoerung__Magic_Bullet__Grassy_Knoll_und_die_Beweis-1.mp3\"><\/audio><\/figure>\n\n\n\n<hr class=\"wp-block-separator has-alpha-channel-opacity\"\/>\n\n\n\n<h4 class=\"wp-block-heading\">Wer waren die wahren Opfer? Die andere Geschichte der Jugoslawienkriege<\/h4>\n\n\n\n<div class=\"wp-block-columns is-layout-flex wp-container-core-columns-is-layout-28f84493 wp-block-columns-is-layout-flex\">\n<div class=\"wp-block-column is-layout-flow wp-block-column-is-layout-flow\">\n<figure class=\"wp-block-image size-full\"><img loading=\"lazy\" decoding=\"async\" width=\"1024\" height=\"1024\" src=\"https:\/\/fuckthemchecker.ch\/wp-content\/uploads\/2026\/02\/Balkankriege-der-90er-1.png\" alt=\"\" class=\"wp-image-308\" srcset=\"https:\/\/fuckthemchecker.ch\/wp-content\/uploads\/2026\/02\/Balkankriege-der-90er-1.png 1024w, https:\/\/fuckthemchecker.ch\/wp-content\/uploads\/2026\/02\/Balkankriege-der-90er-1-300x300.png 300w, https:\/\/fuckthemchecker.ch\/wp-content\/uploads\/2026\/02\/Balkankriege-der-90er-1-150x150.png 150w, https:\/\/fuckthemchecker.ch\/wp-content\/uploads\/2026\/02\/Balkankriege-der-90er-1-768x768.png 768w\" sizes=\"(max-width: 1024px) 100vw, 1024px\" \/><\/figure>\n<\/div>\n\n\n\n<div class=\"wp-block-column is-layout-flow wp-block-column-is-layout-flow\">\n<div class=\"wp-block-columns is-layout-flex wp-container-core-columns-is-layout-28f84493 wp-block-columns-is-layout-flex\">\n<div class=\"wp-block-column is-layout-flow wp-block-column-is-layout-flow\">\n<div class=\"wp-block-columns is-layout-flex wp-container-core-columns-is-layout-28f84493 wp-block-columns-is-layout-flex\">\n<div class=\"wp-block-column is-layout-flow wp-block-column-is-layout-flow\">\n<p>Stacheldraht, Konzentrationslager-Vergleiche und ein erfundener Vertreibungsplan: <\/p>\n\n\n\n<p>Ein Podcast \u00fcber mediale Manipulation, vergessene Opfer und die geopolitischen Interessen hinter der westlichen Darstellung der Jugoslawienkriege&#8220;<\/p>\n<\/div>\n<\/div>\n<\/div>\n<\/div>\n<\/div>\n<\/div>\n\n\n\n<figure class=\"wp-block-audio\"><audio controls src=\"https:\/\/fuckthemchecker.ch\/wp-content\/uploads\/2026\/02\/Der_gefaelschte_Hufeisenplan_und_westliche_Kriegspropaganda.mp3\"><\/audio><\/figure>\n","protected":false},"excerpt":{"rendered":"<p>Die CIA &amp; Die Verschw\u00f6rungstheorie Die Geschichte des Begriffs \u201eVerschw\u00f6rungstheorie\u201c im Zusammenhang mit dem Attentat auf John F. Kennedy und der Rolle der CIA ist komplex und wird zurecht in Debatten rund um Informationspolitik, \u00f6ffentliche Meinungsbildung und politische Manipulation thematisiert. Im Folgenden ein \u00dcberblick \u00fcber die subtilen Aspekte dieses Werkzeugs.. Das RAF-Phantom Am 30. November [&hellip;]<\/p>\n","protected":false},"author":1,"featured_media":0,"parent":0,"menu_order":0,"comment_status":"closed","ping_status":"closed","template":"","meta":{"footnotes":""},"class_list":["post-76","page","type-page","status-publish","hentry"],"_links":{"self":[{"href":"https:\/\/fuckthemchecker.ch\/index.php?rest_route=\/wp\/v2\/pages\/76","targetHints":{"allow":["GET"]}}],"collection":[{"href":"https:\/\/fuckthemchecker.ch\/index.php?rest_route=\/wp\/v2\/pages"}],"about":[{"href":"https:\/\/fuckthemchecker.ch\/index.php?rest_route=\/wp\/v2\/types\/page"}],"author":[{"embeddable":true,"href":"https:\/\/fuckthemchecker.ch\/index.php?rest_route=\/wp\/v2\/users\/1"}],"replies":[{"embeddable":true,"href":"https:\/\/fuckthemchecker.ch\/index.php?rest_route=%2Fwp%2Fv2%2Fcomments&post=76"}],"version-history":[{"count":26,"href":"https:\/\/fuckthemchecker.ch\/index.php?rest_route=\/wp\/v2\/pages\/76\/revisions"}],"predecessor-version":[{"id":310,"href":"https:\/\/fuckthemchecker.ch\/index.php?rest_route=\/wp\/v2\/pages\/76\/revisions\/310"}],"wp:attachment":[{"href":"https:\/\/fuckthemchecker.ch\/index.php?rest_route=%2Fwp%2Fv2%2Fmedia&parent=76"}],"curies":[{"name":"wp","href":"https:\/\/api.w.org\/{rel}","templated":true}]}}